{"id":568,"date":"2016-02-28T03:07:47","date_gmt":"2016-02-28T03:07:47","guid":{"rendered":"http:\/\/soaresadvocacia.adv.br\/site\/?page_id=568"},"modified":"2019-08-23T21:01:39","modified_gmt":"2019-08-23T21:01:39","slug":"apresentacao","status":"publish","type":"page","link":"https:\/\/soaresadvocacia.adv.br\/site\/","title":{"rendered":"Apresenta\u00e7\u00e3o"},"content":{"rendered":"<h1>Apresenta\u00e7\u00e3o<\/h1>\n<h2><img loading=\"lazy\" decoding=\"async\" class=\"alignnone wp-image-729 size-full\" src=\"http:\/\/soaresadvocacia.adv.br\/site\/wp-content\/uploads\/2016\/02\/topo_apresentacao4.jpg\" alt=\"topo_apresentacao4\" width=\"936\" height=\"142\" srcset=\"https:\/\/soaresadvocacia.adv.br\/site\/wp-content\/uploads\/2016\/02\/topo_apresentacao4.jpg 936w, https:\/\/soaresadvocacia.adv.br\/site\/wp-content\/uploads\/2016\/02\/topo_apresentacao4-300x46.jpg 300w, https:\/\/soaresadvocacia.adv.br\/site\/wp-content\/uploads\/2016\/02\/topo_apresentacao4-768x117.jpg 768w, https:\/\/soaresadvocacia.adv.br\/site\/wp-content\/uploads\/2016\/02\/topo_apresentacao4-7x1.jpg 7w\" sizes=\"(max-width: 936px) 100vw, 936px\" \/><\/h2>\n<p><strong>Escrit\u00f3rio sediado em Bras\u00edlia-DF, inscrito na OAB\/DF sob o n. 1.151\/06, possuindo estrutura filiada em Curitiba\/PR, com atua\u00e7\u00e3o em todo o territ\u00f3rio nacional, especialmente nos Estados de S\u00e3o Paulo, Paran\u00e1, Santa Catarina e Minas Gerais. <\/strong><\/p>\n<p>\u00c9 formado por advogados de not\u00f3ria especializa\u00e7\u00e3o e capacidade na\u00a0atua\u00e7\u00e3o consultiva e contenciosa, nas \u00e1reas c\u00edvel, tribut\u00e1ria e do direito administrativo. A banca de advocacia conta com equipe qualificada e estrutura moderna, proporcionando aos clientes agilidade, seguran\u00e7a e atendimento diferenciado.<\/p>\n<p>Al\u00e9m disso, desenvolve e mant\u00e9m alian\u00e7as estrat\u00e9gicas com outros escrit\u00f3rios de advocacia nacionais e outras empresas de servi\u00e7os, oferecendo um atendimento integrado para suprir as mais variadas necessidades de seus clientes.<\/p>\n\n\t\t<style type=\"text\/css\">\n\t\t\t#gallery-1 {\n\t\t\t\tmargin: auto;\n\t\t\t}\n\t\t\t#gallery-1 .gallery-item {\n\t\t\t\tfloat: left;\n\t\t\t\tmargin-top: 10px;\n\t\t\t\ttext-align: center;\n\t\t\t\twidth: 50%;\n\t\t\t}\n\t\t\t#gallery-1 img {\n\t\t\t\tborder: 2px solid #cfcfcf;\n\t\t\t}\n\t\t\t#gallery-1 .gallery-caption {\n\t\t\t\tmargin-left: 0;\n\t\t\t}\n\t\t\t\/* see gallery_shortcode() in wp-includes\/media.php *\/\n\t\t<\/style>\n\t\t<div id='gallery-1' class='gallery galleryid-568 gallery-columns-2 gallery-size-medium'><dl class='gallery-item'>\n\t\t\t<dt class='gallery-icon landscape'>\n\t\t\t\t<a href='https:\/\/soaresadvocacia.adv.br\/site\/soaresadvocacia_escritorio_07\/'><img loading=\"lazy\" decoding=\"async\" width=\"300\" height=\"200\" src=\"https:\/\/soaresadvocacia.adv.br\/site\/wp-content\/uploads\/2019\/08\/soaresadvocacia_escritorio_07-300x200.jpg\" class=\"attachment-medium size-medium\" alt=\"\" srcset=\"https:\/\/soaresadvocacia.adv.br\/site\/wp-content\/uploads\/2019\/08\/soaresadvocacia_escritorio_07-300x200.jpg 300w, https:\/\/soaresadvocacia.adv.br\/site\/wp-content\/uploads\/2019\/08\/soaresadvocacia_escritorio_07-768x512.jpg 768w, https:\/\/soaresadvocacia.adv.br\/site\/wp-content\/uploads\/2019\/08\/soaresadvocacia_escritorio_07-1x1.jpg 1w, https:\/\/soaresadvocacia.adv.br\/site\/wp-content\/uploads\/2019\/08\/soaresadvocacia_escritorio_07.jpg 1000w\" sizes=\"(max-width: 300px) 100vw, 300px\" \/><\/a>\n\t\t\t<\/dt><\/dl><dl class='gallery-item'>\n\t\t\t<dt class='gallery-icon landscape'>\n\t\t\t\t<a href='https:\/\/soaresadvocacia.adv.br\/site\/soaresadvocacia_escritorio_05\/'><img loading=\"lazy\" decoding=\"async\" width=\"300\" height=\"200\" src=\"https:\/\/soaresadvocacia.adv.br\/site\/wp-content\/uploads\/2019\/08\/soaresadvocacia_escritorio_05-300x200.jpg\" class=\"attachment-medium size-medium\" alt=\"\" srcset=\"https:\/\/soaresadvocacia.adv.br\/site\/wp-content\/uploads\/2019\/08\/soaresadvocacia_escritorio_05-300x200.jpg 300w, https:\/\/soaresadvocacia.adv.br\/site\/wp-content\/uploads\/2019\/08\/soaresadvocacia_escritorio_05-768x512.jpg 768w, https:\/\/soaresadvocacia.adv.br\/site\/wp-content\/uploads\/2019\/08\/soaresadvocacia_escritorio_05-1x1.jpg 1w, https:\/\/soaresadvocacia.adv.br\/site\/wp-content\/uploads\/2019\/08\/soaresadvocacia_escritorio_05.jpg 1000w\" sizes=\"(max-width: 300px) 100vw, 300px\" \/><\/a>\n\t\t\t<\/dt><\/dl><br style=\"clear: both\" \/><dl class='gallery-item'>\n\t\t\t<dt class='gallery-icon landscape'>\n\t\t\t\t<a href='https:\/\/soaresadvocacia.adv.br\/site\/soaresadvocacia_escritorio_08\/'><img loading=\"lazy\" decoding=\"async\" width=\"300\" height=\"200\" src=\"https:\/\/soaresadvocacia.adv.br\/site\/wp-content\/uploads\/2019\/08\/soaresadvocacia_escritorio_08-300x200.jpg\" class=\"attachment-medium size-medium\" alt=\"\" srcset=\"https:\/\/soaresadvocacia.adv.br\/site\/wp-content\/uploads\/2019\/08\/soaresadvocacia_escritorio_08-300x200.jpg 300w, https:\/\/soaresadvocacia.adv.br\/site\/wp-content\/uploads\/2019\/08\/soaresadvocacia_escritorio_08-768x512.jpg 768w, https:\/\/soaresadvocacia.adv.br\/site\/wp-content\/uploads\/2019\/08\/soaresadvocacia_escritorio_08-1x1.jpg 1w, https:\/\/soaresadvocacia.adv.br\/site\/wp-content\/uploads\/2019\/08\/soaresadvocacia_escritorio_08.jpg 1000w\" sizes=\"(max-width: 300px) 100vw, 300px\" \/><\/a>\n\t\t\t<\/dt><\/dl><dl class='gallery-item'>\n\t\t\t<dt class='gallery-icon landscape'>\n\t\t\t\t<a href='https:\/\/soaresadvocacia.adv.br\/site\/soaresadvocacia_escritorio_06\/'><img loading=\"lazy\" decoding=\"async\" width=\"300\" height=\"200\" src=\"https:\/\/soaresadvocacia.adv.br\/site\/wp-content\/uploads\/2019\/08\/soaresadvocacia_escritorio_06-300x200.jpg\" class=\"attachment-medium size-medium\" alt=\"\" srcset=\"https:\/\/soaresadvocacia.adv.br\/site\/wp-content\/uploads\/2019\/08\/soaresadvocacia_escritorio_06-300x200.jpg 300w, https:\/\/soaresadvocacia.adv.br\/site\/wp-content\/uploads\/2019\/08\/soaresadvocacia_escritorio_06-768x512.jpg 768w, https:\/\/soaresadvocacia.adv.br\/site\/wp-content\/uploads\/2019\/08\/soaresadvocacia_escritorio_06-1x1.jpg 1w, https:\/\/soaresadvocacia.adv.br\/site\/wp-content\/uploads\/2019\/08\/soaresadvocacia_escritorio_06.jpg 1000w\" sizes=\"(max-width: 300px) 100vw, 300px\" \/><\/a>\n\t\t\t<\/dt><\/dl><br style=\"clear: both\" \/><dl class='gallery-item'>\n\t\t\t<dt class='gallery-icon landscape'>\n\t\t\t\t<a href='https:\/\/soaresadvocacia.adv.br\/site\/soaresadvocacia_escritorio_02\/'><img loading=\"lazy\" decoding=\"async\" width=\"300\" height=\"200\" src=\"https:\/\/soaresadvocacia.adv.br\/site\/wp-content\/uploads\/2019\/08\/soaresadvocacia_escritorio_02-300x200.jpg\" class=\"attachment-medium size-medium\" alt=\"\" srcset=\"https:\/\/soaresadvocacia.adv.br\/site\/wp-content\/uploads\/2019\/08\/soaresadvocacia_escritorio_02-300x200.jpg 300w, https:\/\/soaresadvocacia.adv.br\/site\/wp-content\/uploads\/2019\/08\/soaresadvocacia_escritorio_02-768x512.jpg 768w, https:\/\/soaresadvocacia.adv.br\/site\/wp-content\/uploads\/2019\/08\/soaresadvocacia_escritorio_02-1x1.jpg 1w, https:\/\/soaresadvocacia.adv.br\/site\/wp-content\/uploads\/2019\/08\/soaresadvocacia_escritorio_02.jpg 1000w\" sizes=\"(max-width: 300px) 100vw, 300px\" \/><\/a>\n\t\t\t<\/dt><\/dl><dl class='gallery-item'>\n\t\t\t<dt class='gallery-icon landscape'>\n\t\t\t\t<a href='https:\/\/soaresadvocacia.adv.br\/site\/soaresadvocacia_escritorio_04\/'><img loading=\"lazy\" decoding=\"async\" width=\"300\" height=\"200\" src=\"https:\/\/soaresadvocacia.adv.br\/site\/wp-content\/uploads\/2019\/08\/soaresadvocacia_escritorio_04-300x200.jpg\" class=\"attachment-medium size-medium\" alt=\"\" srcset=\"https:\/\/soaresadvocacia.adv.br\/site\/wp-content\/uploads\/2019\/08\/soaresadvocacia_escritorio_04-300x200.jpg 300w, https:\/\/soaresadvocacia.adv.br\/site\/wp-content\/uploads\/2019\/08\/soaresadvocacia_escritorio_04-768x512.jpg 768w, https:\/\/soaresadvocacia.adv.br\/site\/wp-content\/uploads\/2019\/08\/soaresadvocacia_escritorio_04-1x1.jpg 1w, https:\/\/soaresadvocacia.adv.br\/site\/wp-content\/uploads\/2019\/08\/soaresadvocacia_escritorio_04.jpg 1000w\" sizes=\"(max-width: 300px) 100vw, 300px\" \/><\/a>\n\t\t\t<\/dt><\/dl><br style=\"clear: both\" \/><dl class='gallery-item'>\n\t\t\t<dt class='gallery-icon landscape'>\n\t\t\t\t<a href='https:\/\/soaresadvocacia.adv.br\/site\/soaresadvocacia_escritorio_03\/'><img loading=\"lazy\" decoding=\"async\" width=\"300\" height=\"200\" src=\"https:\/\/soaresadvocacia.adv.br\/site\/wp-content\/uploads\/2019\/08\/soaresadvocacia_escritorio_03-300x200.jpg\" class=\"attachment-medium size-medium\" alt=\"\" srcset=\"https:\/\/soaresadvocacia.adv.br\/site\/wp-content\/uploads\/2019\/08\/soaresadvocacia_escritorio_03-300x200.jpg 300w, https:\/\/soaresadvocacia.adv.br\/site\/wp-content\/uploads\/2019\/08\/soaresadvocacia_escritorio_03-768x512.jpg 768w, https:\/\/soaresadvocacia.adv.br\/site\/wp-content\/uploads\/2019\/08\/soaresadvocacia_escritorio_03-1x1.jpg 1w, https:\/\/soaresadvocacia.adv.br\/site\/wp-content\/uploads\/2019\/08\/soaresadvocacia_escritorio_03.jpg 1000w\" sizes=\"(max-width: 300px) 100vw, 300px\" \/><\/a>\n\t\t\t<\/dt><\/dl><dl class='gallery-item'>\n\t\t\t<dt class='gallery-icon landscape'>\n\t\t\t\t<a href='https:\/\/soaresadvocacia.adv.br\/site\/soaresadvocacia_escritorio_01\/'><img loading=\"lazy\" decoding=\"async\" width=\"300\" height=\"200\" src=\"https:\/\/soaresadvocacia.adv.br\/site\/wp-content\/uploads\/2019\/08\/soaresadvocacia_escritorio_01-300x200.jpg\" class=\"attachment-medium size-medium\" alt=\"\" srcset=\"https:\/\/soaresadvocacia.adv.br\/site\/wp-content\/uploads\/2019\/08\/soaresadvocacia_escritorio_01-300x200.jpg 300w, https:\/\/soaresadvocacia.adv.br\/site\/wp-content\/uploads\/2019\/08\/soaresadvocacia_escritorio_01-768x512.jpg 768w, https:\/\/soaresadvocacia.adv.br\/site\/wp-content\/uploads\/2019\/08\/soaresadvocacia_escritorio_01-1x1.jpg 1w, https:\/\/soaresadvocacia.adv.br\/site\/wp-content\/uploads\/2019\/08\/soaresadvocacia_escritorio_01.jpg 1000w\" sizes=\"(max-width: 300px) 100vw, 300px\" \/><\/a>\n\t\t\t<\/dt><\/dl><br style=\"clear: both\" \/>\n\t\t<\/div>\n\n","protected":false},"excerpt":{"rendered":"<p>Apresenta\u00e7\u00e3o Escrit\u00f3rio sediado em Bras\u00edlia-DF, inscrito na OAB\/DF sob o n. 1.151\/06, possuindo estrutura filiada em Curitiba\/PR, com atua\u00e7\u00e3o em todo o territ\u00f3rio nacional, especialmente nos Estados de S\u00e3o Paulo, Paran\u00e1, Santa Catarina e Minas Gerais. \u00c9 formado por advogados de not\u00f3ria especializa\u00e7\u00e3o e capacidade na\u00a0atua\u00e7\u00e3o consultiva e contenciosa, nas \u00e1reas c\u00edvel, tribut\u00e1ria e do&#8230;<\/p>\n","protected":false},"author":1,"featured_media":0,"parent":8,"menu_order":0,"comment_status":"closed","ping_status":"closed","template":"page-templates\/twocolleftsidebar.php","meta":{"footnotes":""},"_links":{"self":[{"href":"https:\/\/soaresadvocacia.adv.br\/site\/wp-json\/wp\/v2\/pages\/568"}],"collection":[{"href":"https:\/\/soaresadvocacia.adv.br\/site\/wp-json\/wp\/v2\/pages"}],"about":[{"href":"https:\/\/soaresadvocacia.adv.br\/site\/wp-json\/wp\/v2\/types\/page"}],"author":[{"embeddable":true,"href":"https:\/\/soaresadvocacia.adv.br\/site\/wp-json\/wp\/v2\/users\/1"}],"replies":[{"embeddable":true,"href":"https:\/\/soaresadvocacia.adv.br\/site\/wp-json\/wp\/v2\/comments?post=568"}],"version-history":[{"count":25,"href":"https:\/\/soaresadvocacia.adv.br\/site\/wp-json\/wp\/v2\/pages\/568\/revisions"}],"predecessor-version":[{"id":1208,"href":"https:\/\/soaresadvocacia.adv.br\/site\/wp-json\/wp\/v2\/pages\/568\/revisions\/1208"}],"up":[{"embeddable":true,"href":"https:\/\/soaresadvocacia.adv.br\/site\/wp-json\/wp\/v2\/pages\/8"}],"wp:attachment":[{"href":"https:\/\/soaresadvocacia.adv.br\/site\/wp-json\/wp\/v2\/media?parent=568"}],"curies":[{"name":"wp","href":"https:\/\/api.w.org\/{rel}","templated":true}]}}