{"id":570,"date":"2016-02-28T03:11:12","date_gmt":"2016-02-28T03:11:12","guid":{"rendered":"http:\/\/soaresadvocacia.adv.br\/site\/?page_id=570"},"modified":"2019-08-23T17:27:47","modified_gmt":"2019-08-23T17:27:47","slug":"areas-de-atuacao","status":"publish","type":"page","link":"https:\/\/soaresadvocacia.adv.br\/site\/escritorio\/areas-de-atuacao\/","title":{"rendered":"\u00c1reas de Atua\u00e7\u00e3o"},"content":{"rendered":"<h1>\u00c1reas de Atua\u00e7\u00e3o<\/h1>\n<p><img loading=\"lazy\" decoding=\"async\" class=\"alignnone wp-image-640 size-full\" src=\"http:\/\/soaresadvocacia.adv.br\/site\/wp-content\/uploads\/2016\/02\/topo_areas.jpg\" alt=\"topo_areas\" width=\"936\" height=\"142\" srcset=\"https:\/\/soaresadvocacia.adv.br\/site\/wp-content\/uploads\/2016\/02\/topo_areas.jpg 936w, https:\/\/soaresadvocacia.adv.br\/site\/wp-content\/uploads\/2016\/02\/topo_areas-300x46.jpg 300w, https:\/\/soaresadvocacia.adv.br\/site\/wp-content\/uploads\/2016\/02\/topo_areas-768x117.jpg 768w, https:\/\/soaresadvocacia.adv.br\/site\/wp-content\/uploads\/2016\/02\/topo_areas-7x1.jpg 7w\" sizes=\"(max-width: 936px) 100vw, 936px\" \/><\/p>\n<p>A reputa\u00e7\u00e3o do escrit\u00f3rio adv\u00e9m de sua firme e dedicada atua\u00e7\u00e3o perante os tribunais p\u00e1trios e demais \u00f3rg\u00e3os componentes do Poder Judici\u00e1rio Brasileiro, bem como do Minist\u00e9rio da Fazenda, Conselho Administrativo de Recursos Fiscais, Minist\u00e9rio da Previd\u00eancia Social, Instituto Nacional do Seguro Social \u2013 INSS e Conselho Administrativo de Direito Econ\u00f4mico \u2013 CADE, al\u00e9m da presta\u00e7\u00e3o de servi\u00e7os de consultoria na \u00e1rea do direito tribut\u00e1rio, empresarial previdenci\u00e1rio e contratual.<\/p>\n<p>Dentre os servi\u00e7os prestados, aponta-se:<\/p>\n<h3><strong>Direito Tribut\u00e1rio e Previdenci\u00e1rio Empresarial<br \/>\n<\/strong><\/h3>\n<ul>\n<li>Consultoria, Assessoria e Orienta\u00e7\u00e3o Tribut\u00e1ria e Previdenci\u00e1ria em Geral;<\/li>\n<li>Contencioso Administrativo e Judicial Tribut\u00e1rio;<\/li>\n<li>Acompanhamento de procedimentos de Fiscaliza\u00e7\u00e3o Tribut\u00e1ria;<\/li>\n<li>Elabora\u00e7\u00e3o de pareceres, defesas e recursos administrativos e judiciais, quanto a impostos, taxas, e contribui\u00e7\u00f5es Federais, Estaduais ou Municipais;<\/li>\n<li>Consultoria tribut\u00e1ria internacional;<\/li>\n<li>Consultoria Previdenci\u00e1ria Empresarial, englobando a defesa em autos de infra\u00e7\u00e3o, an\u00e1lise de folha de pagamentos e concess\u00e3o de vantagens a executivos de empresas nacionais e multinacionais;<\/li>\n<\/ul>\n<h3><strong>Direito Contratual Empresarial C\u00edvel<\/strong><\/h3>\n<ul>\n<li>Consultoria, Assessoria e Orienta\u00e7\u00e3o para realiza\u00e7\u00e3o de neg\u00f3cios em geral;<\/li>\n<li>Contencioso C\u00edvel;<\/li>\n<li>An\u00e1lise e elabora\u00e7\u00e3o de contratos em geral, notifica\u00e7\u00f5es, rescis\u00f5es e cobran\u00e7as;<\/li>\n<li>Assessoria em reestrutura\u00e7\u00e3o societ\u00e1ria, cria\u00e7\u00e3o e organiza\u00e7\u00e3o de empresas familiares;<\/li>\n<\/ul>\n<h3><strong>Direito P\u00fablico<\/strong><\/h3>\n<ul>\n<li>Consultoria, Assessoria e Orienta\u00e7\u00e3o para participa\u00e7\u00f5es em licita\u00e7\u00e3o;<\/li>\n<li>Contencioso Administrativo e Judicial junto a TCDF, TCU e demais \u00f3rg\u00e3os das administra\u00e7\u00f5es direta ou indireta;<\/li>\n<li>Atua\u00e7\u00e3o em prol de Sindicatos e Associa\u00e7\u00f5es de Empres\u00e1rios e\/ou pessoas f\u00edsicas, na defesa de seus interesses coletivos;<\/li>\n<li>Atua\u00e7\u00e3o em processos judiciais;<\/li>\n<\/ul>\n<p>Por fim, atua, tamb\u00e9m, com agilidade e efici\u00eancia nos servi\u00e7os de correspond\u00eancia a escrit\u00f3rios de advocacia sediados fora desta capital, com rapidez e confiabilidade das informa\u00e7\u00f5es prestadas, na interven\u00e7\u00e3o perante os v\u00e1rios Tribunais Superiores sediados em Bras\u00edlia, bem como junto aos \u00f3rg\u00e3os judiciais de 1\u00aa inst\u00e2ncia, Tribunais Regionais Federais e Tribunais de Justi\u00e7a dos Estados, seja na elabora\u00e7\u00e3o de memoriais, pe\u00e7as processuais, pareceres ou mesmo no mero acompanhamento processual.<\/p>\n","protected":false},"excerpt":{"rendered":"<p>\u00c1reas de Atua\u00e7\u00e3o A reputa\u00e7\u00e3o do escrit\u00f3rio adv\u00e9m de sua firme e dedicada atua\u00e7\u00e3o perante os tribunais p\u00e1trios e demais \u00f3rg\u00e3os componentes do Poder Judici\u00e1rio Brasileiro, bem como do Minist\u00e9rio da Fazenda, Conselho Administrativo de Recursos Fiscais, Minist\u00e9rio da Previd\u00eancia Social, Instituto Nacional do Seguro Social \u2013 INSS e Conselho Administrativo de Direito Econ\u00f4mico \u2013&#8230;<\/p>\n","protected":false},"author":1,"featured_media":0,"parent":8,"menu_order":0,"comment_status":"closed","ping_status":"closed","template":"page-templates\/twocolleftsidebar.php","meta":{"footnotes":""},"_links":{"self":[{"href":"https:\/\/soaresadvocacia.adv.br\/site\/wp-json\/wp\/v2\/pages\/570"}],"collection":[{"href":"https:\/\/soaresadvocacia.adv.br\/site\/wp-json\/wp\/v2\/pages"}],"about":[{"href":"https:\/\/soaresadvocacia.adv.br\/site\/wp-json\/wp\/v2\/types\/page"}],"author":[{"embeddable":true,"href":"https:\/\/soaresadvocacia.adv.br\/site\/wp-json\/wp\/v2\/users\/1"}],"replies":[{"embeddable":true,"href":"https:\/\/soaresadvocacia.adv.br\/site\/wp-json\/wp\/v2\/comments?post=570"}],"version-history":[{"count":13,"href":"https:\/\/soaresadvocacia.adv.br\/site\/wp-json\/wp\/v2\/pages\/570\/revisions"}],"predecessor-version":[{"id":1183,"href":"https:\/\/soaresadvocacia.adv.br\/site\/wp-json\/wp\/v2\/pages\/570\/revisions\/1183"}],"up":[{"embeddable":true,"href":"https:\/\/soaresadvocacia.adv.br\/site\/wp-json\/wp\/v2\/pages\/8"}],"wp:attachment":[{"href":"https:\/\/soaresadvocacia.adv.br\/site\/wp-json\/wp\/v2\/media?parent=570"}],"curies":[{"name":"wp","href":"https:\/\/api.w.org\/{rel}","templated":true}]}}